{"id":162,"date":"2015-04-25T23:46:09","date_gmt":"2015-04-25T21:46:09","guid":{"rendered":"http:\/\/www.atripaldasansabino.it\/?page_id=162"},"modified":"2015-11-19T15:14:24","modified_gmt":"2015-11-19T14:14:24","slug":"misericordia","status":"publish","type":"page","link":"https:\/\/www.atripaldasansabino.it\/?page_id=162","title":{"rendered":"Misericordia"},"content":{"rendered":"<h4><a href=\"http:\/\/www.atripaldasansabino.it\/wp-content\/uploads\/2015\/04\/logo-misericordia_header.jpg\"><img loading=\"lazy\" decoding=\"async\" width=\"930\" height=\"140\" class=\"wp-image-1279 size-full aligncenter\" src=\"http:\/\/www.atripaldasansabino.it\/wp-content\/uploads\/2015\/04\/logo-misericordia_header.jpg\" alt=\"logo-misericordia_header\" srcset=\"https:\/\/www.atripaldasansabino.it\/wp-content\/uploads\/2015\/04\/logo-misericordia_header.jpg 930w, https:\/\/www.atripaldasansabino.it\/wp-content\/uploads\/2015\/04\/logo-misericordia_header-300x45.jpg 300w\" sizes=\"auto, (max-width: 930px) 100vw, 930px\" \/><\/a><\/h4>\n<h4 style=\"text-align: justify;\">La Fraternita di Misericordia di Atripalda\u00a0<strong>nasce il 25 ottobre del 1985<\/strong>, i prodromi della sua nascita nella provincia di Avellino si avvertono durante il tragico terremoto che colp\u00ec l&#8217;intera irpinia nel 1980, tale catastrofe trov\u00f2 tutti impreparati e i soccorsi prestati furono estemporanei, lasciati purtroppo all&#8217;improvvisazione, dovemmo attendere i soccorsi che giunsero da Firenze per avere servizi bene organizzati e di maggiore efficacia ed efficienza.<\/h4>\n<h4 style=\"text-align: justify;\">I volontari delle Misericordie del Centro-nord furono affiancati dai cittadini della valle del Sabato, Atripalda, quei cittadini nel giro di pochi anni furono poi i nostri padri fondatori, e grazie alla loro opera sono sedici anni che ormai prestiamo i nostri servizi a tutti coloro che chiedono aiuto.<\/h4>\n<h4 style=\"text-align: justify;\">In questi anni la Fraternita di Atripalda \u00e8 cresciuta moltissimo ed anche i nostri servizi sono andati man mano migliorando, dal semplice trasporto di infermi con autolettiga, siamo arrivati nel 1996 a gestire il 118, il trasporto di infermi in emergenza.<br \/>\nTale innovazione ha richiesto maggiore professionalit\u00e0, infatti, tutti i volontari che prestano tale servizio hanno conseguito attestati di bls, soccorritore I\u00b0 livello.<br \/>\nNel 1997 grazie ad una legge innovativa (285\/97) sull&#8217;assistenza ai minori a rischio si \u00e8 reso possibile l&#8217;istituzione di un nuovo servizio, il sostegno scolastico ai bambini dai 6 ai 14 anni ,che vivono in condizioni di precaria stabilit\u00e0 socio economica.<\/h4>\n<h4 style=\"text-align: justify;\">Sempre nel<strong>\u00a01997<\/strong>\u00a0abbiamo attivato un\u00a0<strong>servizio di segretariato sociale per gli anziani<\/strong>, convenzionato con il Comune di Atripalda, il Banco Alimentare, ossia la distribuzione di quantit\u00e0 varia di alimenti per persone che vivono in condizioni di indigenza.<br \/>\nPer quanto concerne la nostra sede dopo un lungo peregrinare ne abbiamo una decorosa, che ci permette di portare avanti i nostri servizi, in modo agevole, ma che oggi non ci permette pi\u00f9 di crescere dato che occupiamo ogni centimetro utile gi\u00e0 con i nostri servizi, e la grande bramosia di essere sempre pi\u00f9 utili alla comunit\u00e0 ci porta a ricercare quotidianamente nuovi spazi dove poter impiantare nuovi servizi di sicura utilit\u00e0 collettiva.<br \/>\nIn seno alla Fraternita nel 1985 vide la luce anche il gruppo di protezione civile, che \u00e8 stato alquanto impegnato in diverse catastrofi a carattere nazionale ed internazionale e il gruppo Fratres, dedito alla ricerca di donatori di sangue.<\/h4>\n<h4 style=\"text-align: justify;\">Per maggiori dettagli ed aggiornamenti in tempo reale si consiglia di visitare il sito ufficiale al seguente link\u00a0<a href=\"http:\/\/www.misericordiadiatripalda.it\/\">http:\/\/www.misericordiadiatripalda.it\/<\/a><\/h4>\n","protected":false},"excerpt":{"rendered":"<p>La Fraternita di Misericordia di Atripalda\u00a0nasce il 25 ottobre del 1985, i prodromi della sua nascita nella provincia di Avellino si avvertono durante il tragico terremoto che colp\u00ec l&#8217;intera irpinia [&hellip;]<\/p>\n","protected":false},"author":1,"featured_media":0,"parent":149,"menu_order":0,"comment_status":"open","ping_status":"closed","template":"","meta":{"footnotes":""},"class_list":["post-162","page","type-page","status-publish","hentry"],"_links":{"self":[{"href":"https:\/\/www.atripaldasansabino.it\/index.php?rest_route=\/wp\/v2\/pages\/162","targetHints":{"allow":["GET"]}}],"collection":[{"href":"https:\/\/www.atripaldasansabino.it\/index.php?rest_route=\/wp\/v2\/pages"}],"about":[{"href":"https:\/\/www.atripaldasansabino.it\/index.php?rest_route=\/wp\/v2\/types\/page"}],"author":[{"embeddable":true,"href":"https:\/\/www.atripaldasansabino.it\/index.php?rest_route=\/wp\/v2\/users\/1"}],"replies":[{"embeddable":true,"href":"https:\/\/www.atripaldasansabino.it\/index.php?rest_route=%2Fwp%2Fv2%2Fcomments&post=162"}],"version-history":[{"count":7,"href":"https:\/\/www.atripaldasansabino.it\/index.php?rest_route=\/wp\/v2\/pages\/162\/revisions"}],"predecessor-version":[{"id":1283,"href":"https:\/\/www.atripaldasansabino.it\/index.php?rest_route=\/wp\/v2\/pages\/162\/revisions\/1283"}],"up":[{"embeddable":true,"href":"https:\/\/www.atripaldasansabino.it\/index.php?rest_route=\/wp\/v2\/pages\/149"}],"wp:attachment":[{"href":"https:\/\/www.atripaldasansabino.it\/index.php?rest_route=%2Fwp%2Fv2%2Fmedia&parent=162"}],"curies":[{"name":"wp","href":"https:\/\/api.w.org\/{rel}","templated":true}]}}