{"id":1731,"date":"2016-04-27T09:53:19","date_gmt":"2016-04-27T07:53:19","guid":{"rendered":"http:\/\/www.atripaldasansabino.it\/?page_id=1731"},"modified":"2016-04-27T10:22:04","modified_gmt":"2016-04-27T08:22:04","slug":"san-ippolisto","status":"publish","type":"page","link":"https:\/\/www.atripaldasansabino.it\/?page_id=1731","title":{"rendered":"San Ippolisto"},"content":{"rendered":"<h2>San Ippolisto Martire<\/h2>\n<p><a href=\"http:\/\/www.atripaldasansabino.it\/wp-content\/uploads\/2016\/04\/S.ippolisto.jpg\" target=\"_blank\"><img loading=\"lazy\" decoding=\"async\" width=\"228\" height=\"300\" class=\"alignleft wp-image-1738 size-medium\" src=\"http:\/\/www.atripaldasansabino.it\/wp-content\/uploads\/2016\/04\/S.ippolisto-228x300.jpg\" alt=\"S.ippolisto\" srcset=\"https:\/\/www.atripaldasansabino.it\/wp-content\/uploads\/2016\/04\/S.ippolisto-228x300.jpg 228w, https:\/\/www.atripaldasansabino.it\/wp-content\/uploads\/2016\/04\/S.ippolisto-768x1010.jpg 768w, https:\/\/www.atripaldasansabino.it\/wp-content\/uploads\/2016\/04\/S.ippolisto-779x1024.jpg 779w, https:\/\/www.atripaldasansabino.it\/wp-content\/uploads\/2016\/04\/S.ippolisto.jpg 888w\" sizes=\"auto, (max-width: 228px) 100vw, 228px\" \/><\/a><\/p>\n<h4 style=\"text-align: justify;\">Sino a pochi decenni or sono la festa del glorioso martire S. Ippolisto si celebrava in tutta la diocesi di Avellino nel primo di maggio, festivit\u00e0 questa secolare, a cui seguiva quella degli altri Santi Martiri nella domenica immediatamente successiva, con l&#8217;elogio del martirologio, l&#8217;officio e la messa propria.<\/h4>\n<h4 style=\"text-align: justify;\">In Atripalda, soltanto S. Ippolisto portava il rito doppio di prima classe con ottava, e gli altri Santi Martiri il rito doppio di seconda classe. Mentre in tutto l&#8217;impero romano ribollivano le persecuzioni contro i propagatori della fede cristiana, nasceva verso la met\u00e0 del secolo terzo in Antiochia (secondo altri nato ad Avellino da genitori antiochieni) il nostro Ippolisto, discendente da famiglia nobile e, sin dalla pi\u00f9 tenera et\u00e0 fu affidato ad un sacerdote cristiano, il celebre grammatico Babila.<\/h4>\n<h4 style=\"text-align: justify;\">Il suo ardente desiderio di propagare la fede di Cristo aument\u00f2 ancor pi\u00f9, quando il proprio maestro fu martirizzato sotto i suoi occhi. Educato alla cultura classica ed alla fede, Ippolisto, dopo anni di vita e di preghiere e di mille mortificazioni del suo corpo divenne sacerdote e la sua passione per l&#8217;apostolato lo port\u00f2 a girovagare per il mondo, finch\u00e8 non approd\u00f2 nella citt\u00e0 di Abellinum (l&#8217;attuale Atripalda) dove gi\u00e0 si era costituita una colonia di orientali trasferiti dall&#8217;imperatore Alessandro Severo.<\/h4>\n<h4 style=\"text-align: justify;\">Suo scopo ben preciso fu quello di aprire alla vera luce gli occhi ciechi dall&#8217;idolatria delle genti della nostra terra, la quale doveva poi essere teatro del suo martirio, con l&#8217;epilogo aureolato della somma gloria della santit\u00e0. Nel predicare la fede in Cristo, il Signore lo favoriva confermando le sue parole con molti miracoli: guariva infermi, ridava la vista ai ciechi, raddrizzava gli storpi, cacciava i demoni dal corpo degli ossessi. Infatti dopo questi miracoli ottenne una fama straordinaria e di conseguenza una falange di seguaci che generarono negli animi tenebrosi dei senatori, governanti la citt\u00e0 di Abellinum, la decisione di arrestare il nostro sacerdote.<\/h4>\n<h4 style=\"text-align: justify;\">Correva in quei giorni, secondo la tradizione pagana, l&#8217;annuale festa dedicata a Giove Capitolino, al quale era stato costruito un tempio sul monte Toppolo (adesso pertinenza di Manocalzati). Vi si era radunata una grande moltitudine di persone per offrire sacrifici intorno all&#8217;ara sacrificale ma Ippolisto riusc\u00ec a convincere molti di loro a seguire il vero Dio. Alcuni senatori, di cui un antichissimo martirologio ci riporta anche i nomi, e cio\u00e8 Quintiano, Anselmo e Piereo, si scagliarono contro di lui percuotendolo. Il flagello (strumento terribile) che fu usato in quella circostanza per martoriare il corpo, ma che non sfior\u00f2 minimamente lo spirito del martire, fu quello stesso che campeggia su un antico stemma visibile sino a pochi anni fa sul portale della chiesa di S. Ippolisto, per cui i nostri religiosi al tempo della sua istallazione, vollero identificarlo col martirio del Santo, adottandolo a proprio simbolo.<\/h4>\n<h4 style=\"text-align: justify;\">Alla festa di Giove sopraggiunse quella di Diana, il cui tempio si ergeva sul vertice del monte Tripaldo (castiello) e Ippolisto non manc\u00f2 di intervenire per rimproverare quella moltitudine della loro cecit\u00e0. Moltissimi lo seguirono fuori dal tempio il quale di l\u00ec a poco croll\u00f2 uccidendo diversi pagani. Questo evento diede luogo alla conversione di moltissime persone, inasprendo ancor di pi\u00f9 l&#8217;odio dei senatori pagani. Per un po&#8217; di tempo Ippolisto, esortato dai fedeli, si rifugi\u00f2 nel Sannio Irpino e precisamente a Dentecane e Benevento, dove probabilmente conobbe anche S. Gennaro ed il suo compatriota S. Modestino.<\/h4>\n<h4 style=\"text-align: justify;\">Il suo instancabile zelo nel comunicare il messaggio evangelico, lo riport\u00f2 nel 303 ad Abellinum, proprio in occasione della grande festa di Giove che si svolgeva il primo di maggio. Tutto era pronto per sacrificare un toro dalle corna appositamente dorate. Musici, suonatori ed ancelle danzanti, intrattenevano il popolo accorso. L&#8217;ardente apostolo non riusc\u00ec a trattenere la sua ira e con parole infuocate, nonostante il grave pericolo incombente, predic\u00f2 il suo Dio morto crocifisso. L&#8217;inaspettato tuonare del nostro glorioso martire fer\u00ec altamente i sacerdoti e i senatori i quali ordinarono di trascinarlo a viva forza ai piedi di Giove per costringerlo ad adorarlo.<\/h4>\n<h4 style=\"text-align: justify;\">Il pontefice Beatillo gli porse l&#8217;incensiere per onorare Giove, ma il martire in segno di spregio lo scaravent\u00f2 sull&#8217;idolo frantumandolo. Per questo gesto fu coperto di sputi e condannato a morte. Prima di dare atto alla sentenza fu tentata l&#8217;ultima risorsa (comune nei processi contro i cristiani), cio\u00e8 la tortura col famoso &#8220;Flagellum&#8221; per spingere il nostro eroe all&#8217;apostasia; ma la fede dell&#8217;uomo di Dio, incrollabile, non vacill\u00f2 un istante sotto la crudele flagellazione, per cui i senatori, vieppi\u00f9 adirati, per far scempio pi\u00f9 feroce, ordinarono che fosse legato alla coda del toro che doveva essere sacrificato e che il suo corpo restasse preda degli avvoltoi e dei cani. Il toro aizzato con torce infiammate, corse imbizzarrito, gi\u00f9 per il crinale del colle, trascinando e dilaniando lungo il pendio sassoso e cosparso di rovi spinosi, quel povero corpo disarticolato e sanguinolento, ormai privo di vita, ed infine sulle rive del fiume Sabato i carnefici gli mozzarono la testa, lasciandone il martoriato corpo insepolto.<\/h4>\n<h4 style=\"text-align: justify;\">Dopo due giorni, due nobili donne convertite, Massimilla e Lucrezia, poi martirizzate, notte tempo raccolsero in candidi lini i resti delle sue carni e le zolle bagnate del suo sangue e lo riposero in una grotta, ora chiamata Specus dei Martiri. Al suddetto martirio segu\u00ec quello non meno toccante del senatore Quinziano da tempo convertito da S. Ippolisto.\u00a0Per il rifiuto posto alla condanna del martire fu condannato ad essere decapitato; i suoi figli Ireneo e Crescenzo di dieci e sette anni si aggrapparono al padre nella speranza di impietosire i carnefici, ma anche loro furono trafitti a colpi di lancia.<\/h4>\n<h4 style=\"text-align: justify;\"><span style=\"line-height: 1.5;\">Altri generosi eroi colsero la palma del martirio e i loro nomi si leggevano nello Specus in un affresco del periodo bizantino (poi perduto) riportati nel secolo XIII dal vescovo di Avellino Ruggiero: Anastasio, Firmio, Eustachio, Giustino, Firmiano, Ignazio, Secondino, Eusebio, Querulo, due Fabii, due Procoli, Crescenzo, Bonifacio, Vitale.<\/span><\/h4>\n<h4 style=\"text-align: justify;\">Il corpo di S. Ippolisto a conferma del suo martirio, venne scoperto nel 1629 al di sotto del famoso mosaico (perduto per tale ricerca) tra i sepolcri di S. Sabino e di S. Romolo. Sotto si ritrov\u00f2 finalmente il corpo del martire con il busto separato dalla testa a cui era legato ancora un mozzicone della fune intrisa di sangue, con la quale era stato legato al toro.<\/h4>\n","protected":false},"excerpt":{"rendered":"<p>San Ippolisto Martire Sino a pochi decenni or sono la festa del glorioso martire S. Ippolisto si celebrava in tutta la diocesi di Avellino nel primo di maggio, festivit\u00e0 questa [&hellip;]<\/p>\n","protected":false},"author":1,"featured_media":0,"parent":119,"menu_order":0,"comment_status":"closed","ping_status":"closed","template":"page-fullwidth.php","meta":{"footnotes":""},"class_list":["post-1731","page","type-page","status-publish","hentry"],"_links":{"self":[{"href":"https:\/\/www.atripaldasansabino.it\/index.php?rest_route=\/wp\/v2\/pages\/1731","targetHints":{"allow":["GET"]}}],"collection":[{"href":"https:\/\/www.atripaldasansabino.it\/index.php?rest_route=\/wp\/v2\/pages"}],"about":[{"href":"https:\/\/www.atripaldasansabino.it\/index.php?rest_route=\/wp\/v2\/types\/page"}],"author":[{"embeddable":true,"href":"https:\/\/www.atripaldasansabino.it\/index.php?rest_route=\/wp\/v2\/users\/1"}],"replies":[{"embeddable":true,"href":"https:\/\/www.atripaldasansabino.it\/index.php?rest_route=%2Fwp%2Fv2%2Fcomments&post=1731"}],"version-history":[{"count":10,"href":"https:\/\/www.atripaldasansabino.it\/index.php?rest_route=\/wp\/v2\/pages\/1731\/revisions"}],"predecessor-version":[{"id":1744,"href":"https:\/\/www.atripaldasansabino.it\/index.php?rest_route=\/wp\/v2\/pages\/1731\/revisions\/1744"}],"up":[{"embeddable":true,"href":"https:\/\/www.atripaldasansabino.it\/index.php?rest_route=\/wp\/v2\/pages\/119"}],"wp:attachment":[{"href":"https:\/\/www.atripaldasansabino.it\/index.php?rest_route=%2Fwp%2Fv2%2Fmedia&parent=1731"}],"curies":[{"name":"wp","href":"https:\/\/api.w.org\/{rel}","templated":true}]}}