{"id":179,"date":"2015-04-25T23:51:45","date_gmt":"2015-04-25T21:51:45","guid":{"rendered":"http:\/\/www.atripaldasansabino.it\/?page_id=179"},"modified":"2015-10-12T10:56:48","modified_gmt":"2015-10-12T08:56:48","slug":"proloco","status":"publish","type":"page","link":"https:\/\/www.atripaldasansabino.it\/?page_id=179","title":{"rendered":"ProLoco"},"content":{"rendered":"<h4>\n<a href=\"http:\/\/www.atripaldasansabino.it\/wp-content\/uploads\/2015\/04\/logo5.jpg\"><img loading=\"lazy\" decoding=\"async\" width=\"165\" height=\"124\" class=\"size-full wp-image-1160 alignleft\" src=\"http:\/\/www.atripaldasansabino.it\/wp-content\/uploads\/2015\/04\/logo5.jpg\" alt=\"logo5\" \/><\/a>L&#8217;Associazione Pro Loco Atripalda \u00e8 stata fondata nel 1971, tra gli altri, si ricorda Carmine Spagnuolo ed Achille Picariello che rivestirono rispettivamente le cariche di presidente e segretario.<\/h4>\n<h4>Per oltre un decennio, l&#8217;Associazione ha svolto una intensa attivit\u00e0 di promozione culturale;\u00a0rilanciata nel 1994, la Pro Loco, oggi presieduta da Raffaele Labate, promuove importanti attivit\u00e0 storico-culturali e ricreative: concerti, mostre di pittura e di fotografia, giornate ludiche per i pi\u00f9 piccoli e campagne di prevenzione, nonch\u00e9 le rinomate manifestazioni quali la sacra rappresentazione della Via Crucis: &#8220;El\u00ec, El\u00ec, Lem\u00e0 Sabactan\u00ec ?&#8221; e Giullarte che attirano ogni anno turisti e curiosi provenienti da ogni citt\u00e0. Inoltre, da qualche anno, l&#8217;Associazione assicura a gruppi di visitatori e scolaresche provenienti da diversi comuni e nazioni un servizio gratuito di informazione ed accoglienza turistica, essendo la sede della Pro Loco punto I.A.T. in convenzione con il Comune di Atripalda.<\/h4>\n<h4>Per maggiori dettagli ed aggiornamenti in tempo reale si consiglia di visitare il sito ufficiale al seguente link\u00a0<a href=\"http:\/\/www.prolocoatripalda.it\/\">http:\/\/www.prolocoatripalda.it\/<\/a><\/h4>\n","protected":false},"excerpt":{"rendered":"<p>L&#8217;Associazione Pro Loco Atripalda \u00e8 stata fondata nel 1971, tra gli altri, si ricorda Carmine Spagnuolo ed Achille Picariello che rivestirono rispettivamente le cariche di presidente e segretario. Per oltre [&hellip;]<\/p>\n","protected":false},"author":1,"featured_media":0,"parent":167,"menu_order":0,"comment_status":"open","ping_status":"closed","template":"","meta":{"footnotes":""},"class_list":["post-179","page","type-page","status-publish","hentry"],"_links":{"self":[{"href":"https:\/\/www.atripaldasansabino.it\/index.php?rest_route=\/wp\/v2\/pages\/179","targetHints":{"allow":["GET"]}}],"collection":[{"href":"https:\/\/www.atripaldasansabino.it\/index.php?rest_route=\/wp\/v2\/pages"}],"about":[{"href":"https:\/\/www.atripaldasansabino.it\/index.php?rest_route=\/wp\/v2\/types\/page"}],"author":[{"embeddable":true,"href":"https:\/\/www.atripaldasansabino.it\/index.php?rest_route=\/wp\/v2\/users\/1"}],"replies":[{"embeddable":true,"href":"https:\/\/www.atripaldasansabino.it\/index.php?rest_route=%2Fwp%2Fv2%2Fcomments&post=179"}],"version-history":[{"count":6,"href":"https:\/\/www.atripaldasansabino.it\/index.php?rest_route=\/wp\/v2\/pages\/179\/revisions"}],"predecessor-version":[{"id":1161,"href":"https:\/\/www.atripaldasansabino.it\/index.php?rest_route=\/wp\/v2\/pages\/179\/revisions\/1161"}],"up":[{"embeddable":true,"href":"https:\/\/www.atripaldasansabino.it\/index.php?rest_route=\/wp\/v2\/pages\/167"}],"wp:attachment":[{"href":"https:\/\/www.atripaldasansabino.it\/index.php?rest_route=%2Fwp%2Fv2%2Fmedia&parent=179"}],"curies":[{"name":"wp","href":"https:\/\/api.w.org\/{rel}","templated":true}]}}